{"id":438,"date":"2024-01-15T09:14:29","date_gmt":"2024-01-15T08:14:29","guid":{"rendered":"https:\/\/www.relanghe.it\/contatti\/"},"modified":"2026-03-03T12:04:33","modified_gmt":"2026-03-03T11:04:33","slug":"contatti","status":"publish","type":"page","link":"https:\/\/www.relanghe.it\/en\/contatti\/","title":{"rendered":"Contact Us"},"content":{"rendered":"<div class=\"oi-block oi-block-hero\" ><div class=\"hero-container  has-dark-layer\">\n    <img decoding=\"async\" width=\"1920\" height=\"1079\" src=\"https:\/\/www.relanghe.it\/wp-content\/uploads\/2024\/03\/EB5A7413-min.jpg\" class=\"hero-image\" alt=\"\" loading=\"lazy\" srcset=\"https:\/\/www.relanghe.it\/wp-content\/uploads\/2024\/03\/EB5A7413-min.jpg 1920w, https:\/\/www.relanghe.it\/wp-content\/uploads\/2024\/03\/EB5A7413-min-1536x863.jpg 1536w, https:\/\/www.relanghe.it\/wp-content\/uploads\/2024\/03\/EB5A7413-min-150x84.jpg 150w, https:\/\/www.relanghe.it\/wp-content\/uploads\/2024\/03\/EB5A7413-min-575x323.jpg 575w, https:\/\/www.relanghe.it\/wp-content\/uploads\/2024\/03\/EB5A7413-min-767x431.jpg 767w, https:\/\/www.relanghe.it\/wp-content\/uploads\/2024\/03\/EB5A7413-min-991x557.jpg 991w, https:\/\/www.relanghe.it\/wp-content\/uploads\/2024\/03\/EB5A7413-min-1199x674.jpg 1199w\" sizes=\"(max-width: 1920px) 100vw, 1920px\" \/>    <div class=\"abs-container\">\n                    <div class=\"oi-block-heading-custom\">\n                <div class=\"heading-container hero-content\">\n                                            <h1 class=\"color-white mb-0 hero-title\">\n                            Contact Us                        <\/h1>\n                                    <\/div>\n            <\/div>\n                    <\/div>\n<\/div><\/div>\n\n<div class=\"oi-block oi-block-layout-container container\" style=\"\"  >\n    <div class=\"oi-block oi-block-layout-space\" style=\"--oi-block-space-xs:70px; --oi-block-space-sm:80px; --oi-block-space-md:90px; --oi-block-space-lg:110px; --oi-block-space-xl:130px; --oi-block-space-xxl:130px\"><\/div>\n\n\n<div class=\"oi-block oi-block-heading-custom d-flex justify-content-center\" >\n<div class=\"heading-container text-center underline overflow-hidden\">\n\n<h3 class=\"wp-block-heading\">Contact Us<\/h3>\n\n<\/div><\/div>\n\n    <div class=\"oi-block oi-block-layout-space\" style=\"--oi-block-space-xs:30px; --oi-block-space-sm:30px; --oi-block-space-md:30px; --oi-block-space-lg:30px; --oi-block-space-xl:30px; --oi-block-space-xxl:30px\"><\/div>\n\n\n    <div class=\"oi-block oi-block-layout-row row  justify-content-center\">\n        \n<div class=\"oi-block oi-block-layout-row-column py-2 border-right col-12 col-sm-12 col-md-6 col-lg-5 col-xl-4 col-xxl-4\" style=\"\" >\n\n<p class=\"has-text-align-left font-sm-small text-center text-md-start\" style=\"font-size:30px\"><a class=\"hover-underline\" href=\"mailto:relanghe@relanghe.it\" target=\"_blank\" rel=\"noreferrer noopener\">relanghe@relanghe.it<\/a><\/p>\n\n<\/div>\n\n<div class=\"oi-block oi-block-layout-row-column py-2 col-12 col-sm-12 col-md-6 col-lg-5 col-xl-4 col-xxl-4\" style=\"\" >\n\n<p class=\"has-text-align-left text-center text-md-end font-sm-small\" style=\"font-size:30px\"><a class=\"hover-underline\" href=\"tel:+0173282582\" target=\"_blank\" rel=\"noreferrer noopener\">Tel. +39 0173 282582<\/a><\/p>\n\n<\/div>\n    <\/div>\n\n\n    <div class=\"oi-block oi-block-layout-space\" style=\"--oi-block-space-xs:70px; --oi-block-space-sm:80px; --oi-block-space-md:90px; --oi-block-space-lg:110px; --oi-block-space-xl:130px; --oi-block-space-xxl:130px\"><\/div>\n\n<\/div>\n\n<div class=\"oi-block oi-block-box-image\" ><div class=\"box-image   dark-layer big\" style=\"background-color: #fff;\">\n    <img decoding=\"async\" width=\"1920\" height=\"1080\" src=\"https:\/\/www.relanghe.it\/wp-content\/uploads\/2024\/03\/EB5A6943-min.jpg\" class=\"featured-image\" alt=\"\" loading=\"lazy\" srcset=\"https:\/\/www.relanghe.it\/wp-content\/uploads\/2024\/03\/EB5A6943-min.jpg 1920w, https:\/\/www.relanghe.it\/wp-content\/uploads\/2024\/03\/EB5A6943-min-1536x864.jpg 1536w, https:\/\/www.relanghe.it\/wp-content\/uploads\/2024\/03\/EB5A6943-min-150x84.jpg 150w, https:\/\/www.relanghe.it\/wp-content\/uploads\/2024\/03\/EB5A6943-min-575x323.jpg 575w, https:\/\/www.relanghe.it\/wp-content\/uploads\/2024\/03\/EB5A6943-min-767x431.jpg 767w, https:\/\/www.relanghe.it\/wp-content\/uploads\/2024\/03\/EB5A6943-min-991x557.jpg 991w, https:\/\/www.relanghe.it\/wp-content\/uploads\/2024\/03\/EB5A6943-min-1199x674.jpg 1199w\" sizes=\"(max-width: 1920px) 100vw, 1920px\" \/>            <div class=\"content\">\n            \n<div class=\"oi-block oi-block-heading-custom d-flex justify-content-center\" >\n<div class=\"heading-container text-center underline overflow-hidden\">\n\n<h3 class=\"wp-block-heading has-text-align-left\">Visit our shop<\/h3>\n\n<\/div><\/div>\n\n    <div class=\"oi-block oi-block-layout-space\" style=\"--oi-block-space-xs:15px; --oi-block-space-sm:15px; --oi-block-space-md:15px; --oi-block-space-lg:15px; --oi-block-space-xl:15px; --oi-block-space-xxl:15px\"><\/div>\n\n\n\n<p>If you are in Piedmont, come and discover the Relanghe products in our shop in Alba.<\/p>\n\n\n    <div class=\"oi-block oi-block-layout-space\" style=\"--oi-block-space-xs:30px; --oi-block-space-sm:30px; --oi-block-space-md:30px; --oi-block-space-lg:30px; --oi-block-space-xl:30px; --oi-block-space-xxl:30px\"><\/div>\n\n\n<div class=\"oi-block oi-block-layout-button\" >    <a href=\"https:\/\/maps.app.goo.gl\/e2mZ5ThrpXj923MJ9\" title=\"\" class=\"btn btn-primary-white btn-type-default \" >\n        Visit us    <\/a>\n<\/div>\n        <\/div>\n    <\/div><\/div>\n\n<div class=\"oi-block oi-block-box-image d-none\" ><div class=\"box-image   dark-layer big\" style=\"background-color: #fff;\">\n    <img decoding=\"async\" width=\"962\" height=\"800\" src=\"https:\/\/www.relanghe.it\/wp-content\/uploads\/2024\/01\/TortaNocc@Letizia-cigliutti-2-1.jpg\" class=\"featured-image\" alt=\"\" loading=\"lazy\" srcset=\"https:\/\/www.relanghe.it\/wp-content\/uploads\/2024\/01\/TortaNocc@Letizia-cigliutti-2-1.jpg 962w, https:\/\/www.relanghe.it\/wp-content\/uploads\/2024\/01\/TortaNocc@Letizia-cigliutti-2-1-150x125.jpg 150w, https:\/\/www.relanghe.it\/wp-content\/uploads\/2024\/01\/TortaNocc@Letizia-cigliutti-2-1-575x478.jpg 575w, https:\/\/www.relanghe.it\/wp-content\/uploads\/2024\/01\/TortaNocc@Letizia-cigliutti-2-1-767x638.jpg 767w\" sizes=\"(max-width: 962px) 100vw, 962px\" \/>            <div class=\"content\">\n            \n<div class=\"oi-block oi-block-heading-custom d-flex justify-content-center\" >\n<div class=\"heading-container text-center underline overflow-hidden\">\n\n<h3 class=\"wp-block-heading has-text-align-left\">Private Label &amp; HORECA<\/h3>\n\n<\/div><\/div>\n\n    <div class=\"oi-block oi-block-layout-space\" style=\"--oi-block-space-xs:15px; --oi-block-space-sm:15px; --oi-block-space-md:15px; --oi-block-space-lg:15px; --oi-block-space-xl:15px; --oi-block-space-xxl:15px\"><\/div>\n\n\n\n<p>Contact us for more information on private labels and the catalogue dedicated to laboratory products.<\/p>\n\n\n    <div class=\"oi-block oi-block-layout-space\" style=\"--oi-block-space-xs:30px; --oi-block-space-sm:30px; --oi-block-space-md:30px; --oi-block-space-lg:30px; --oi-block-space-xl:30px; --oi-block-space-xxl:30px\"><\/div>\n\n\n<div class=\"oi-block oi-block-layout-button\" >    <a href=\"#horeca-en\" title=\"\" class=\"btn btn-primary-white btn-type-default \" >\n        Write us    <\/a>\n<\/div>\n        <\/div>\n    <\/div><\/div>\n\n\n<div class=\"wp-block-group has-background is-layout-flow wp-block-group-is-layout-flow\" style=\"background-color:#f2eadf\"><div class=\"oi-block oi-block-layout-container container\" style=\"\"  >\n    <div class=\"oi-block oi-block-layout-space\" style=\"--oi-block-space-xs:70px; --oi-block-space-sm:80px; --oi-block-space-md:90px; --oi-block-space-lg:110px; --oi-block-space-xl:130px; --oi-block-space-xxl:130px\"><\/div>\n\n\n<div class=\"oi-block oi-block-heading-custom d-flex justify-content-center\" >\n<div class=\"heading-container text-center underline overflow-hidden\">\n\n<h3 class=\"wp-block-heading\">Sign up to the Newsletter<\/h3>\n\n<\/div><\/div>\n\n    <div class=\"oi-block oi-block-layout-space\" style=\"--oi-block-space-xs:30px; --oi-block-space-sm:30px; --oi-block-space-md:30px; --oi-block-space-lg:30px; --oi-block-space-xl:30px; --oi-block-space-xxl:30px\"><\/div>\n\n\n    <div class=\"oi-block oi-block-layout-row row  justify-content-center\">\n        \n<div class=\"oi-block oi-block-layout-row-column col-12 col-sm-12 col-md-12 col-lg-10 col-xl-8 col-xxl-6\" style=\"\" >\n\n<p class=\"has-text-align-center\">Enter the world of Relanghe, La Piola, Piazza Duomo*** and Ceretto.<\/p>\n\n\n    <div class=\"oi-block oi-block-layout-space\" style=\"--oi-block-space-xs:30px; --oi-block-space-sm:30px; --oi-block-space-md:30px; --oi-block-space-lg:30px; --oi-block-space-xl:30px; --oi-block-space-xxl:30px\"><\/div>\n\n\n\n<h4 class=\"wp-block-heading has-text-align-center has-headingSize-h3 h3\">Sign up and receive all the latest news, appointments and attend our events.<\/h4>\n\n\n    <div class=\"oi-block oi-block-layout-space\" style=\"--oi-block-space-xs:30px; --oi-block-space-sm:30px; --oi-block-space-md:30px; --oi-block-space-lg:30px; --oi-block-space-xl:30px; --oi-block-space-xxl:30px\"><\/div>\n\n\n\n<p class=\"has-text-align-center\"><\/p>\n\n\n    <div class=\"oi-block oi-block-layout-space\" style=\"--oi-block-space-xs:30px; --oi-block-space-sm:30px; --oi-block-space-md:30px; --oi-block-space-lg:30px; --oi-block-space-xl:30px; --oi-block-space-xxl:30px\"><\/div>\n\n<\/div>\n\n<div class=\"oi-block oi-block-layout-row-column col-12 col-sm-12 col-md-12 col-lg-8 col-xl-8 col-xxl-8\" style=\"\" >\n\n<div class=\"wp-block-contact-form-7-contact-form-selector\">\n<div class=\"wpcf7 no-js\" id=\"wpcf7-f581-o1\" lang=\"it-IT\" dir=\"ltr\">\n<div class=\"screen-reader-response\"><p role=\"status\" aria-live=\"polite\" aria-atomic=\"true\"><\/p> <ul><\/ul><\/div>\n<form action=\"\/en\/wp-json\/wp\/v2\/pages\/438#wpcf7-f581-o1\" method=\"post\" class=\"wpcf7-form init\" aria-label=\"Modulo di contatto\" novalidate=\"novalidate\" data-status=\"init\">\n<div style=\"display: none;\">\n<input type=\"hidden\" name=\"_wpcf7\" value=\"581\" \/>\n<input type=\"hidden\" name=\"_wpcf7_version\" value=\"5.9.8\" \/>\n<input type=\"hidden\" name=\"_wpcf7_locale\" value=\"it_IT\" \/>\n<input type=\"hidden\" name=\"_wpcf7_unit_tag\" value=\"wpcf7-f581-o1\" \/>\n<input type=\"hidden\" name=\"_wpcf7_container_post\" value=\"0\" \/>\n<input type=\"hidden\" name=\"_wpcf7_posted_data_hash\" value=\"\" \/>\n<input type=\"hidden\" name=\"_wpcf7_recaptcha_response\" value=\"\" \/>\n<\/div>\n<div class=\"row\">\n\n<div class=\"form-group col-12 col-lg-6\">\n<span class=\"wpcf7-form-control-wrap\" data-name=\"NOME\"><input size=\"40\" maxlength=\"400\" class=\"wpcf7-form-control wpcf7-text wpcf7-validates-as-required form-control\" id=\"NOME\" aria-required=\"true\" aria-invalid=\"false\" placeholder=\"Name*\" value=\"\" type=\"text\" name=\"NOME\" \/><\/span>\n<\/div>\n\n<div class=\"form-group col-12 col-lg-6\">\n<span class=\"wpcf7-form-control-wrap\" data-name=\"COGNOME\"><input size=\"40\" maxlength=\"400\" class=\"wpcf7-form-control wpcf7-text wpcf7-validates-as-required form-control\" id=\"COGNOME\" aria-required=\"true\" aria-invalid=\"false\" placeholder=\"Lastname*\" value=\"\" type=\"text\" name=\"COGNOME\" \/><\/span>\n<\/div>\n\n<div class=\"form-group col-12 col-lg-6\">\n<span class=\"wpcf7-form-control-wrap\" data-name=\"EMAIL\"><input size=\"40\" maxlength=\"400\" class=\"wpcf7-form-control wpcf7-email wpcf7-validates-as-required wpcf7-text wpcf7-validates-as-email form-control\" id=\"EMAIL\" aria-required=\"true\" aria-invalid=\"false\" placeholder=\"Email*\" value=\"\" type=\"email\" name=\"EMAIL\" \/><\/span>\n<\/div>\n\n<div class=\"form-group col-12 col-lg-6\">\n<div class=\"select-arrow-down\">\n<span class=\"wpcf7-form-control-wrap\" data-name=\"COUNTRY\"><select class=\"wpcf7-form-control wpcf7-select wpcf7-validates-as-required form-control\" id=\"COUNTRY\" aria-required=\"true\" aria-invalid=\"false\" name=\"COUNTRY\"><option value=\"\">Nation*<\/option><option value=\"Afghanistan\">Afghanistan<\/option><option value=\"Albania\">Albania<\/option><option value=\"Algeria\">Algeria<\/option><option value=\"Andorra\">Andorra<\/option><option value=\"Angola\">Angola<\/option><option value=\"Antigua and Barbuda\">Antigua and Barbuda<\/option><option value=\"Argentina\">Argentina<\/option><option value=\"Armenia\">Armenia<\/option><option value=\"Australia\">Australia<\/option><option value=\"Austria\">Austria<\/option><option value=\"Azerbaijan\">Azerbaijan<\/option><option value=\"Bahamas\">Bahamas<\/option><option value=\"Bahrain\">Bahrain<\/option><option value=\"Bangladesh\">Bangladesh<\/option><option value=\"Barbados\">Barbados<\/option><option value=\"Belarus\">Belarus<\/option><option value=\"Belgium\">Belgium<\/option><option value=\"Belize\">Belize<\/option><option value=\"Benin\">Benin<\/option><option value=\"Bhutan\">Bhutan<\/option><option value=\"Bolivia\">Bolivia<\/option><option value=\"Bosnia and Herzegovina\">Bosnia and Herzegovina<\/option><option value=\"Botswana\">Botswana<\/option><option value=\"Brazil\">Brazil<\/option><option value=\"Brunei\">Brunei<\/option><option value=\"Bulgaria\">Bulgaria<\/option><option value=\"Burkina Faso\">Burkina Faso<\/option><option value=\"Burundi\">Burundi<\/option><option value=\"Cambodia\">Cambodia<\/option><option value=\"Cameroon\">Cameroon<\/option><option value=\"Canada\">Canada<\/option><option value=\"Cape Verde\">Cape Verde<\/option><option value=\"Central African Republic\">Central African Republic<\/option><option value=\"Chad\">Chad<\/option><option value=\"Chile\">Chile<\/option><option value=\"China\">China<\/option><option value=\"Colombia\">Colombia<\/option><option value=\"Comoros\">Comoros<\/option><option value=\"Congo\">Congo<\/option><option value=\"Costa Rica\">Costa Rica<\/option><option value=\"Croatia\">Croatia<\/option><option value=\"Cuba\">Cuba<\/option><option value=\"Cyprus\">Cyprus<\/option><option value=\"Czech Republic\">Czech Republic<\/option><option value=\"Democratic Republic of the Congo\">Democratic Republic of the Congo<\/option><option value=\"Denmark\">Denmark<\/option><option value=\"Djibouti\">Djibouti<\/option><option value=\"Dominica\">Dominica<\/option><option value=\"Dominican Republic\">Dominican Republic<\/option><option value=\"East Timor\">East Timor<\/option><option value=\"Ecuador\">Ecuador<\/option><option value=\"Egypt\">Egypt<\/option><option value=\"El Salvador\">El Salvador<\/option><option value=\"Equatorial Guinea\">Equatorial Guinea<\/option><option value=\"Eritrea\">Eritrea<\/option><option value=\"Estonia\">Estonia<\/option><option value=\"Eswatini\">Eswatini<\/option><option value=\"Ethiopia\">Ethiopia<\/option><option value=\"Fiji\">Fiji<\/option><option value=\"Finland\">Finland<\/option><option value=\"France\">France<\/option><option value=\"Gabon\">Gabon<\/option><option value=\"Gambia\">Gambia<\/option><option value=\"Georgia\">Georgia<\/option><option value=\"Germany\">Germany<\/option><option value=\"Ghana\">Ghana<\/option><option value=\"Greece\">Greece<\/option><option value=\"Grenada\">Grenada<\/option><option value=\"Guatemala\">Guatemala<\/option><option value=\"Guinea\">Guinea<\/option><option value=\"Guinea-Bissau\">Guinea-Bissau<\/option><option value=\"Guyana\">Guyana<\/option><option value=\"Haiti\">Haiti<\/option><option value=\"Honduras\">Honduras<\/option><option value=\"Hungary\">Hungary<\/option><option value=\"Iceland\">Iceland<\/option><option value=\"India\">India<\/option><option value=\"Indonesia\">Indonesia<\/option><option value=\"Iran\">Iran<\/option><option value=\"Iraq\">Iraq<\/option><option value=\"Ireland\">Ireland<\/option><option value=\"Israel\">Israel<\/option><option value=\"Italy\">Italy<\/option><option value=\"Ivory Coast\">Ivory Coast<\/option><option value=\"Jamaica\">Jamaica<\/option><option value=\"Japan\">Japan<\/option><option value=\"Jordan\">Jordan<\/option><option value=\"Kazakhstan\">Kazakhstan<\/option><option value=\"Kenya\">Kenya<\/option><option value=\"Kiribati\">Kiribati<\/option><option value=\"Kuwait\">Kuwait<\/option><option value=\"Kyrgyzstan\">Kyrgyzstan<\/option><option value=\"Laos\">Laos<\/option><option value=\"Latvia\">Latvia<\/option><option value=\"Lebanon\">Lebanon<\/option><option value=\"Lesotho\">Lesotho<\/option><option value=\"Liberia\">Liberia<\/option><option value=\"Libya\">Libya<\/option><option value=\"Liechtenstein\">Liechtenstein<\/option><option value=\"Lithuania\">Lithuania<\/option><option value=\"Luxembourg\">Luxembourg<\/option><option value=\"Madagascar\">Madagascar<\/option><option value=\"Malawi\">Malawi<\/option><option value=\"Malaysia\">Malaysia<\/option><option value=\"Maldives\">Maldives<\/option><option value=\"Mali\">Mali<\/option><option value=\"Malta\">Malta<\/option><option value=\"Marshall Islands\">Marshall Islands<\/option><option value=\"Mauritania\">Mauritania<\/option><option value=\"Mauritius\">Mauritius<\/option><option value=\"Mexico\">Mexico<\/option><option value=\"Micronesia\">Micronesia<\/option><option value=\"Moldova\">Moldova<\/option><option value=\"Monaco\">Monaco<\/option><option value=\"Mongolia\">Mongolia<\/option><option value=\"Montenegro\">Montenegro<\/option><option value=\"Morocco\">Morocco<\/option><option value=\"Mozambique\">Mozambique<\/option><option value=\"Myanmar\">Myanmar<\/option><option value=\"Namibia\">Namibia<\/option><option value=\"Nauru\">Nauru<\/option><option value=\"Nepal\">Nepal<\/option><option value=\"Netherlands\">Netherlands<\/option><option value=\"New Zealand\">New Zealand<\/option><option value=\"Nicaragua\">Nicaragua<\/option><option value=\"Niger\">Niger<\/option><option value=\"Nigeria\">Nigeria<\/option><option value=\"North Korea\">North Korea<\/option><option value=\"North Macedonia\">North Macedonia<\/option><option value=\"Norway\">Norway<\/option><option value=\"Oman\">Oman<\/option><option value=\"Pakistan\">Pakistan<\/option><option value=\"Palau\">Palau<\/option><option value=\"Palestine\">Palestine<\/option><option value=\"Panama\">Panama<\/option><option value=\"Papua New Guinea\">Papua New Guinea<\/option><option value=\"Paraguay\">Paraguay<\/option><option value=\"Peru\">Peru<\/option><option value=\"Philippines\">Philippines<\/option><option value=\"Poland\">Poland<\/option><option value=\"Portugal\">Portugal<\/option><option value=\"Qatar\">Qatar<\/option><option value=\"Romania\">Romania<\/option><option value=\"Russia\">Russia<\/option><option value=\"Rwanda\">Rwanda<\/option><option value=\"Saint Kitts and Nevis\">Saint Kitts and Nevis<\/option><option value=\"Saint Lucia\">Saint Lucia<\/option><option value=\"Saint Vincent and the Grenadines\">Saint Vincent and the Grenadines<\/option><option value=\"Samoa\">Samoa<\/option><option value=\"San Marino\">San Marino<\/option><option value=\"Saudi Arabia\">Saudi Arabia<\/option><option value=\"Senegal\">Senegal<\/option><option value=\"Serbia\">Serbia<\/option><option value=\"Seychelles\">Seychelles<\/option><option value=\"Sierra Leone\">Sierra Leone<\/option><option value=\"Singapore\">Singapore<\/option><option value=\"Slovakia\">Slovakia<\/option><option value=\"Slovenia\">Slovenia<\/option><option value=\"Solomon Islands\">Solomon Islands<\/option><option value=\"Somalia\">Somalia<\/option><option value=\"South Africa\">South Africa<\/option><option value=\"South Korea\">South Korea<\/option><option value=\"South Sudan\">South Sudan<\/option><option value=\"Spain\">Spain<\/option><option value=\"Sri Lanka\">Sri Lanka<\/option><option value=\"Sudan\">Sudan<\/option><option value=\"Suriname\">Suriname<\/option><option value=\"Sweden\">Sweden<\/option><option value=\"Switzerland\">Switzerland<\/option><option value=\"Syria\">Syria<\/option><option value=\"S\u00e3o Tom\u00e9 and Pr\u00edncipe\">S\u00e3o Tom\u00e9 and Pr\u00edncipe<\/option><option value=\"Taiwan\">Taiwan<\/option><option value=\"Tajikistan\">Tajikistan<\/option><option value=\"Tanzania\">Tanzania<\/option><option value=\"Thailand\">Thailand<\/option><option value=\"Togo\">Togo<\/option><option value=\"Tonga\">Tonga<\/option><option value=\"Trinidad and Tobago\">Trinidad and Tobago<\/option><option value=\"Tunisia\">Tunisia<\/option><option value=\"Turkey\">Turkey<\/option><option value=\"Turkmenistan\">Turkmenistan<\/option><option value=\"Tuvalu\">Tuvalu<\/option><option value=\"Uganda\">Uganda<\/option><option value=\"Ukraine\">Ukraine<\/option><option value=\"United Arab Emirates\">United Arab Emirates<\/option><option value=\"United Kingdom\">United Kingdom<\/option><option value=\"United States of America\">United States of America<\/option><option value=\"Uruguay\">Uruguay<\/option><option value=\"Uzbekistan\">Uzbekistan<\/option><option value=\"Vanuatu\">Vanuatu<\/option><option value=\"Vatican City\">Vatican City<\/option><option value=\"Venezuela\">Venezuela<\/option><option value=\"Vietnam\">Vietnam<\/option><option value=\"Yemen\">Yemen<\/option><option value=\"Zambia\">Zambia<\/option><option value=\"Zimbabwe\">Zimbabwe<\/option><\/select><\/span>\n<\/div>\n<\/div>\n\n<div class=\"form-group col-12\">\n<span class=\"wpcf7-form-control-wrap\" data-name=\"ALL-CERETTO\"><span class=\"wpcf7-form-control wpcf7-acceptance\"><span class=\"wpcf7-list-item\"><label class=\"custom-control custom-checkbox\"><input type=\"checkbox\" name=\"ALL-CERETTO\" value=\"1\" aria-invalid=\"false\" class=\"form-check-input\"><span class=\"wpcf7-list-item-label custom-control-label\">I acknowledge that I have read the <a class=\"hover-underline\" href=\"https:\/\/www.relanghe.it\/en\/privacy-policy\/\">Privacy Notice<\/a>. News and Events \u2013 To receive communications and stay informed about news and events from the Ceretto group companies \u2013 <a class=\"hover-underline\" href=\"https:\/\/www.relanghe.it\/en\/privacy-policy\/\">Privacy Notice<\/a>, section D<\/span><\/label><\/span><\/span><\/span>\n<span class=\"wpcf7-form-control-wrap\" data-name=\"CERETTO_COMMUNITY\"><span class=\"wpcf7-form-control wpcf7-acceptance optional\"><span class=\"wpcf7-list-item\"><label class=\"custom-control custom-checkbox\"><input type=\"checkbox\" name=\"CERETTO_COMMUNITY\" value=\"1\" aria-invalid=\"false\" class=\"form-check-input\"><span class=\"wpcf7-list-item-label custom-control-label\">Ceretto Community \u2013 To join the community and receive personalised communications based on your bookings and preferred products \u2013 <a class=\"hover-underline\" href=\"https:\/\/www.relanghe.it\/en\/privacy-policy\/\">Privacy Notice<\/a>, section C<\/span><\/label><\/span><\/span><\/span>\n<\/div>\n\n<input class=\"wpcf7-form-control wpcf7-hidden\" value=\"EN\" type=\"hidden\" name=\"LANGUAGE\" \/>\n<input class=\"wpcf7-form-control wpcf7-hidden\" value=\"Newsletter\" type=\"hidden\" name=\"SOURCE\" \/>\n<input class=\"wpcf7-form-control wpcf7-hidden\" value=\"Relanghe\" type=\"hidden\" name=\"SOURCE_BRAND\" \/>\n<input class=\"wpcf7-form-control wpcf7-hidden\" value=\"Relanghe\" type=\"hidden\" name=\"SOURCE_PRIVACY\" \/>\n\n<div class=\"btn-box form-group col-12\">\n<input class=\"wpcf7-form-control wpcf7-submit has-spinner btn btn-send\" type=\"submit\" value=\"SEND\" \/>\n<\/div>\n\n<\/div><div class=\"wpcf7-response-output\" aria-hidden=\"true\"><\/div>\n<\/form>\n<\/div>\n<\/div>\n\n<\/div>\n    <\/div>\n\n\n    <div class=\"oi-block oi-block-layout-space\" style=\"--oi-block-space-xs:70px; --oi-block-space-sm:80px; --oi-block-space-md:90px; --oi-block-space-lg:110px; --oi-block-space-xl:130px; --oi-block-space-xxl:130px\"><\/div>\n\n<\/div><\/div>\n","protected":false},"excerpt":{"rendered":"","protected":false},"author":1,"featured_media":0,"parent":0,"menu_order":0,"comment_status":"closed","ping_status":"closed","template":"","meta":{"_seopress_robots_primary_cat":"","_seopress_titles_title":"","_seopress_titles_desc":"","_seopress_robots_index":"","footnotes":""},"class_list":["post-438","page","type-page","status-publish","hentry"],"_links":{"self":[{"href":"https:\/\/www.relanghe.it\/en\/wp-json\/wp\/v2\/pages\/438"}],"collection":[{"href":"https:\/\/www.relanghe.it\/en\/wp-json\/wp\/v2\/pages"}],"about":[{"href":"https:\/\/www.relanghe.it\/en\/wp-json\/wp\/v2\/types\/page"}],"author":[{"embeddable":true,"href":"https:\/\/www.relanghe.it\/en\/wp-json\/wp\/v2\/users\/1"}],"replies":[{"embeddable":true,"href":"https:\/\/www.relanghe.it\/en\/wp-json\/wp\/v2\/comments?post=438"}],"version-history":[{"count":27,"href":"https:\/\/www.relanghe.it\/en\/wp-json\/wp\/v2\/pages\/438\/revisions"}],"predecessor-version":[{"id":913,"href":"https:\/\/www.relanghe.it\/en\/wp-json\/wp\/v2\/pages\/438\/revisions\/913"}],"wp:attachment":[{"href":"https:\/\/www.relanghe.it\/en\/wp-json\/wp\/v2\/media?parent=438"}],"curies":[{"name":"wp","href":"https:\/\/api.w.org\/{rel}","templated":true}]}}